{"id":49,"date":"2021-08-01T19:40:56","date_gmt":"2021-08-01T17:40:56","guid":{"rendered":"https:\/\/webbauarbeiter.de\/?page_id=49"},"modified":"2021-08-23T14:34:38","modified_gmt":"2021-08-23T12:34:38","slug":"automatisch-gespeicherter-entwurf","status":"publish","type":"page","link":"https:\/\/webbauarbeiter.de\/index.php\/automatisch-gespeicherter-entwurf\/","title":{"rendered":"Startseite"},"content":{"rendered":"<p>[tcb_logo data-id-d=&#8217;3&#8242; data-css=&#8217;tve-u-17b3ea6475d&#8216; data-img-style=&#8217;width: 100%;&#8216; class=&#8220; data-alt=&#8217;WebBauarbeiter&#8216;]<\/p>\n<h1 style=\"\"><strong>Ihre neue Website f\u00fcr mehr Bekanntheit und Kundenbindung<\/strong><\/h1>\n<p style=\"\">Webseiten f\u00fcr kleine Unternehmen und Selbstst\u00e4ndige professionell &amp; preiswert!<\/p>\n<p style=\"\">\n<p style=\"\">\n<p style=\"\">\n<h2 style=\"text-align: center;\"><strong>Unser Service<\/strong><\/h2>\n<p style=\"text-align: center;\"><!--StartFragment--><!--StartFragment--><!--StartFragment-->Wir sind die Webbauarbeiter und haben uns auf die Entwicklung von Webseiten f\u00fcr kleine Unternehmen und Selbstst\u00e4ndige spezialisiert. Unser Ziel ist es jedem eine ansprechende und professionelle Website zu einem fairen Preis zu erm\u00f6glichen.<!--EndFragment--><!--EndFragment--><!--EndFragment--><\/p>\n<h6 style=\"text-align: center;\"><strong><strong>Neue Kunden und mehr Reichweite<\/strong><\/strong><\/h6>\n<p><!--StartFragment--><\/p>\n<p><!--StartFragment-->69% aller Kunden suchen erst die Internetseite eines Gesch\u00e4ftes bevor Sie es pers\u00f6nlich besuchen. Ihre neue Website bringt Ihnen somit mehr Reichweite, Kunden und Umsatz.<\/p>\n<p><!--EndFragment--><\/p>\n<h6 style=\"text-align: center;\"><strong><strong>100% Individuell <\/strong><\/strong><\/h6>\n<p><!--StartFragment--><\/p>\n<p><!--StartFragment-->Wir entwickeln Ihre neue Internetpr\u00e4senz vollst\u00e4ndig nach Ihren W\u00fcnschen, sodass das Ergebnis Ihr Gesch\u00e4ft zu 100% repr\u00e4sentiert. <!--EndFragment--><\/p>\n<p><!--EndFragment--><\/p>\n<h6 style=\"text-align: center;\"><strong>Professionelle Beratung inklusive <\/strong><\/h6>\n<p><!--StartFragment--><\/p>\n<p><!--StartFragment-->Wir nutzen unsere ganzheitliche Erfahrung um Ihnen eine \u00e4sthetisch wie auch technisch perfekt funktionierende Seite zu entwerfen. F\u00fcr Fragen vor, w\u00e4hrend und nach dem Projekt stehen wir immer bereit.<!--EndFragment--><\/p>\n<p><!--EndFragment--><\/p>\n<h6 style=\"text-align: center;\"><strong><strong>Fair und preiswert<\/strong><\/strong><\/h6>\n<p><!--StartFragment--><\/p>\n<p><!--StartFragment-->Wir haben es uns zur Aufgabe gemacht jedem selbstst\u00e4ndigen eine Website zu erm\u00f6glichen. Deshalb geh\u00f6ren wir zu den g\u00fcnstigsten auf dem Markt.<!--EndFragment--><\/p>\n<p><!--EndFragment--><\/p>\n<p><span>\u00dcberzeugt? Kontaktieren Sie uns f\u00fcr Ihr kostenloses Beratungsgespr\u00e4ch!<\/span><\/p>\n<h2 style=\"text-align: center;\"><strong>\u00dcber Uns<\/strong><\/h2>\n<p>Navid Reko &amp; Jonas Gaebel<\/p>\n<p><strong>Seit unserem 12. Lebensjahr entwickeln wir Internetseiten mit Passion. Anf\u00e4nglich f\u00fcr unsere Grundschule, Familienmitglieder und Bekannte. Seit 2020 sind unsere Dienstleistungen f\u00fcr alle verf\u00fcgbar. Die Covid-19 Pandemie hat uns auch im pers\u00f6nlichen Bekanntenkreis gezeigt, dass gerade kleine Gesch\u00e4fte, oftmals ohne ordentliche Onlinepr\u00e4senz leiden mussten. Deshalb fokussieren wir unseren Service auf kleine Unternehmen und Selbst\u00e4ndige.<\/strong><\/p>\n<p><!--StartFragment--><!--EndFragment--><\/p>\n<h2 style=\"text-align: center;\"><strong>Bisherige Projekte:<\/strong><\/h2>\n<p><span style=\"\"><img decoding=\"async\" alt=\"\" data-id=\"165\" width=\"423\" data-init-width=\"1920\" height=\"272\" data-init-height=\"1234\" title=\"Bildschirmfoto 2021-08-13 um 13.40.03\" loading=\"lazy\" src=\"https:\/\/webbauarbeiter.de\/wp-content\/uploads\/2021\/08\/Bildschirmfoto-2021-08-13-um-13.40.03.png\" data-width=\"423\" data-height=\"272\" style=\"\" mt-d=\"0\" ml-d=\"0\"><\/span><span style=\"\"><img decoding=\"async\" alt=\"\" data-id=\"166\" width=\"423\" data-init-width=\"1920\" height=\"271\" data-init-height=\"1232\" title=\"Bildschirmfoto 2021-08-13 um 13.47.45\" loading=\"lazy\" src=\"https:\/\/webbauarbeiter.de\/wp-content\/uploads\/2021\/08\/Bildschirmfoto-2021-08-13-um-13.47.45.png\" data-width=\"423\" data-height=\"271\" style=\"\" mt-d=\"0\" ml-d=\"0\"><\/span><span style=\"\"><img decoding=\"async\" alt=\"\" data-id=\"164\" width=\"423\" data-init-width=\"1918\" height=\"271\" data-init-height=\"1232\" title=\"Bildschirmfoto 2021-08-13 um 13.37.22\" loading=\"lazy\" src=\"https:\/\/webbauarbeiter.de\/wp-content\/uploads\/2021\/08\/Bildschirmfoto-2021-08-13-um-13.37.22.png\" data-width=\"423\" data-height=\"271\" style=\"\" mt-d=\"0\"><\/span><span style=\"\"><img decoding=\"async\" alt=\"\" data-id=\"163\" width=\"537\" data-init-width=\"1920\" height=\"344\" data-init-height=\"1232\" title=\"Bildschirmfoto 2021-08-13 um 13.33.04\" loading=\"lazy\" src=\"https:\/\/webbauarbeiter.de\/wp-content\/uploads\/2021\/08\/Bildschirmfoto-2021-08-13-um-13.33.04.png\" data-width=\"537\" data-height=\"344\" style=\"\" mt-d=\"0\" ml-d=\"0\"><\/span><\/p>\n<h4 style=\"text-align: left;\"><strong>Kontakt<\/strong><\/h4>\n<ul>\n<li style=\"\">                    <span style=\"\"><a href=\"mailto:info@webbauarbeiter.de\" target=\"_blank\" style=\"outline: none;\" data-custom-shortcode=\"mailto:info@webbauarbeiter.de\" rel=\"noopener\">info@webbauarbeiter.de<\/a><\/span><\/li>\n<li style=\"\">                    <span style=\"\"><a href=\"tel:+493097986121\" target=\"_blank\" style=\"outline: none;\" data-custom-shortcode=\"tel:+493097986121\" rel=\"noopener\">030-97986121<\/a><\/span><\/li>\n<\/ul>\n<h4>Gehen Sie den ersten Schritt in eine neue Zeit!<\/h4>\n<h4 style=\"\">Kontaktieren Sie uns und wir werden uns schnellstm\u00f6glich bei Ihnen zur\u00fcckmelden:<\/h4>\n<p>[tcb_logo data-id-d=&#8217;3&#8242; data-css=&#8217;tve-u-16c4a8a47da&#8216; data-img-style=&#8217;width: 100%;&#8216; class=&#8220; data-alt=&#8220;]<\/p>\n<p><a href=\"https:\/\/webbauarbeiter.de\/index.php\/datenschutzerklaerung\/\" target=\"_blank\" style=\"outline: none;\" rel=\"noopener\">Datenschutz<\/a><a href=\"https:\/\/webbauarbeiter.de\/index.php\/impressum\/\" target=\"_blank\" style=\"outline: none;\" rel=\"noopener\">Impressum<\/a><\/p>\n","protected":false},"excerpt":{"rendered":"<p>[tcb_logo data-id-d=&#8217;3&#8242; data-css=&#8217;tve-u-17b3ea6475d&#8216; data-img-style=&#8217;width: 100%;&#8216; class=&#8220; data-alt=&#8217;WebBauarbeiter&#8216;] Ihre neue Website f\u00fcr mehr Bekanntheit und Kundenbindung Webseiten f\u00fcr kleine Unternehmen und Selbstst\u00e4ndige professionell &amp; preiswert! Unser Service Wir sind die Webbauarbeiter und haben uns auf die Entwicklung von Webseiten f\u00fcr kleine Unternehmen und Selbstst\u00e4ndige spezialisiert. Unser Ziel ist es jedem eine ansprechende und professionelle Website zu [&hellip;]<\/p>\n","protected":false},"author":1,"featured_media":0,"parent":0,"menu_order":0,"comment_status":"closed","ping_status":"closed","template":"","meta":{"_et_pb_use_builder":"","_et_pb_old_content":"","_et_gb_content_width":"","footnotes":""},"class_list":["post-49","page","type-page","status-publish","hentry"],"_links":{"self":[{"href":"https:\/\/webbauarbeiter.de\/index.php\/wp-json\/wp\/v2\/pages\/49","targetHints":{"allow":["GET"]}}],"collection":[{"href":"https:\/\/webbauarbeiter.de\/index.php\/wp-json\/wp\/v2\/pages"}],"about":[{"href":"https:\/\/webbauarbeiter.de\/index.php\/wp-json\/wp\/v2\/types\/page"}],"author":[{"embeddable":true,"href":"https:\/\/webbauarbeiter.de\/index.php\/wp-json\/wp\/v2\/users\/1"}],"replies":[{"embeddable":true,"href":"https:\/\/webbauarbeiter.de\/index.php\/wp-json\/wp\/v2\/comments?post=49"}],"version-history":[{"count":78,"href":"https:\/\/webbauarbeiter.de\/index.php\/wp-json\/wp\/v2\/pages\/49\/revisions"}],"predecessor-version":[{"id":188,"href":"https:\/\/webbauarbeiter.de\/index.php\/wp-json\/wp\/v2\/pages\/49\/revisions\/188"}],"wp:attachment":[{"href":"https:\/\/webbauarbeiter.de\/index.php\/wp-json\/wp\/v2\/media?parent=49"}],"curies":[{"name":"wp","href":"https:\/\/api.w.org\/{rel}","templated":true}]}}